{"id":677,"date":"2025-06-25T08:34:42","date_gmt":"2025-06-25T06:34:42","guid":{"rendered":"https:\/\/www.kadernickynabytok.sk\/?post_type=product&#038;p=677"},"modified":"2025-07-15T11:37:58","modified_gmt":"2025-07-15T09:37:58","slug":"privacy-wash-e","status":"publish","type":"product","link":"https:\/\/www.kadernickynabytok.sk\/en\/produkt\/privacy-wash-e\/","title":{"rendered":"PRIVACY WASH E"},"content":{"rendered":"<p>77&#215;132-160&#215;112 H cm<\/p>\n<p>S mas\u00e1\u017enym syst\u00e9mom Air Shiatsu<\/p>\n<ul>\n<li><strong>3485<\/strong><\/li>\n<\/ul>\n","protected":false},"excerpt":{"rendered":"<p>Um\u00fdvac\u00ed box, samostatn\u00fd.<br \/>\nS elektricky polohovate\u013enou opierkou n\u00f4h a nastavite\u013en\u00fdm um\u00fdvadlom.<br \/>\nKreslo v ktorejko\u013evek vinylovej farbe kat. Z\/bo\u010dn\u00e9 panely v ktorejko\u013evek vinylovej farbe kat. Z alebo v \u010diernej vinylovej farbe s vonkaj\u0161ou stranou v \u010diernom vinylovom preveden\u00ed CPT v pre\u0161\u00edvanom \u0161t\u00fdle.<\/p>\n","protected":false},"featured_media":678,"comment_status":"closed","ping_status":"closed","template":"","meta":[],"product_brand":[],"product_cat":[50],"product_tag":[],"class_list":{"0":"post-677","1":"product","2":"type-product","3":"status-publish","4":"has-post-thumbnail","6":"product_cat-umyvacie-boxy","8":"first","9":"instock","10":"sale","11":"taxable","12":"shipping-taxable","13":"purchasable","14":"product-type-simple"},"_links":{"self":[{"href":"https:\/\/www.kadernickynabytok.sk\/en\/wp-json\/wp\/v2\/product\/677","targetHints":{"allow":["GET"]}}],"collection":[{"href":"https:\/\/www.kadernickynabytok.sk\/en\/wp-json\/wp\/v2\/product"}],"about":[{"href":"https:\/\/www.kadernickynabytok.sk\/en\/wp-json\/wp\/v2\/types\/product"}],"replies":[{"embeddable":true,"href":"https:\/\/www.kadernickynabytok.sk\/en\/wp-json\/wp\/v2\/comments?post=677"}],"wp:featuredmedia":[{"embeddable":true,"href":"https:\/\/www.kadernickynabytok.sk\/en\/wp-json\/wp\/v2\/media\/678"}],"wp:attachment":[{"href":"https:\/\/www.kadernickynabytok.sk\/en\/wp-json\/wp\/v2\/media?parent=677"}],"wp:term":[{"taxonomy":"product_brand","embeddable":true,"href":"https:\/\/www.kadernickynabytok.sk\/en\/wp-json\/wp\/v2\/product_brand?post=677"},{"taxonomy":"product_cat","embeddable":true,"href":"https:\/\/www.kadernickynabytok.sk\/en\/wp-json\/wp\/v2\/product_cat?post=677"},{"taxonomy":"product_tag","embeddable":true,"href":"https:\/\/www.kadernickynabytok.sk\/en\/wp-json\/wp\/v2\/product_tag?post=677"}],"curies":[{"name":"wp","href":"https:\/\/api.w.org\/{rel}","templated":true}]}}