{"id":675,"date":"2025-06-24T14:53:40","date_gmt":"2025-06-24T12:53:40","guid":{"rendered":"https:\/\/www.kadernickynabytok.sk\/?post_type=product&#038;p=675"},"modified":"2025-07-15T11:36:25","modified_gmt":"2025-07-15T09:36:25","slug":"aureole-supercolor","status":"publish","type":"product","link":"https:\/\/www.kadernickynabytok.sk\/en\/produkt\/aureole-supercolor\/","title":{"rendered":"AUREOLE SUPERCOLOR"},"content":{"rendered":"<p>Dostupn\u00e9 vo v\u0161etk\u00fdch vinylov\u00fdch farb\u00e1ch<\/p>\n<ul>\n<li><strong>886\u20ac<\/strong><\/li>\n<\/ul>\n","protected":false},"excerpt":{"rendered":"<p>Kadern\u00edcke kreslo s hydraulick\u00fdm zdvihom, podstavec Supercolor.<\/p>\n<p>Dostupn\u00e9 len v \u010diernej vinylovej farbe<\/p>\n","protected":false},"featured_media":676,"comment_status":"closed","ping_status":"closed","template":"","meta":[],"product_brand":[],"product_cat":[22],"product_tag":[],"class_list":{"0":"post-675","1":"product","2":"type-product","3":"status-publish","4":"has-post-thumbnail","6":"product_cat-kadernicke-stolicky","8":"first","9":"instock","10":"sale","11":"taxable","12":"shipping-taxable","13":"purchasable","14":"product-type-simple"},"_links":{"self":[{"href":"https:\/\/www.kadernickynabytok.sk\/en\/wp-json\/wp\/v2\/product\/675","targetHints":{"allow":["GET"]}}],"collection":[{"href":"https:\/\/www.kadernickynabytok.sk\/en\/wp-json\/wp\/v2\/product"}],"about":[{"href":"https:\/\/www.kadernickynabytok.sk\/en\/wp-json\/wp\/v2\/types\/product"}],"replies":[{"embeddable":true,"href":"https:\/\/www.kadernickynabytok.sk\/en\/wp-json\/wp\/v2\/comments?post=675"}],"wp:featuredmedia":[{"embeddable":true,"href":"https:\/\/www.kadernickynabytok.sk\/en\/wp-json\/wp\/v2\/media\/676"}],"wp:attachment":[{"href":"https:\/\/www.kadernickynabytok.sk\/en\/wp-json\/wp\/v2\/media?parent=675"}],"wp:term":[{"taxonomy":"product_brand","embeddable":true,"href":"https:\/\/www.kadernickynabytok.sk\/en\/wp-json\/wp\/v2\/product_brand?post=675"},{"taxonomy":"product_cat","embeddable":true,"href":"https:\/\/www.kadernickynabytok.sk\/en\/wp-json\/wp\/v2\/product_cat?post=675"},{"taxonomy":"product_tag","embeddable":true,"href":"https:\/\/www.kadernickynabytok.sk\/en\/wp-json\/wp\/v2\/product_tag?post=675"}],"curies":[{"name":"wp","href":"https:\/\/api.w.org\/{rel}","templated":true}]}}