{"id":660,"date":"2025-06-24T14:40:38","date_gmt":"2025-06-24T12:40:38","guid":{"rendered":"https:\/\/www.kadernickynabytok.sk\/?post_type=product&#038;p=660"},"modified":"2025-07-15T10:36:04","modified_gmt":"2025-07-15T08:36:04","slug":"washlounge-jubilee-e","status":"publish","type":"product","link":"https:\/\/www.kadernickynabytok.sk\/en\/produkt\/washlounge-jubilee-e\/","title":{"rendered":"WASHLOUNGE JUBILEE E"},"content":{"rendered":"<p>61&#215;123-156&#215;94 H cm<\/p>\n","protected":false},"excerpt":{"rendered":"<p>Um\u00fdvac\u00ed box s elektricky polohovate\u013enou opierkou n\u00f4h a nastavite\u013en\u00fdm um\u00fdvadlom.<br \/>\nDostupn\u00e9 len v \u010diernej vinylovej farbe<\/p>\n","protected":false},"featured_media":661,"comment_status":"closed","ping_status":"closed","template":"","meta":[],"product_brand":[],"product_cat":[50],"product_tag":[],"class_list":{"0":"post-660","1":"product","2":"type-product","3":"status-publish","4":"has-post-thumbnail","6":"product_cat-umyvacie-boxy","8":"first","9":"instock","10":"sale","11":"taxable","12":"shipping-taxable","13":"purchasable","14":"product-type-simple"},"_links":{"self":[{"href":"https:\/\/www.kadernickynabytok.sk\/en\/wp-json\/wp\/v2\/product\/660","targetHints":{"allow":["GET"]}}],"collection":[{"href":"https:\/\/www.kadernickynabytok.sk\/en\/wp-json\/wp\/v2\/product"}],"about":[{"href":"https:\/\/www.kadernickynabytok.sk\/en\/wp-json\/wp\/v2\/types\/product"}],"replies":[{"embeddable":true,"href":"https:\/\/www.kadernickynabytok.sk\/en\/wp-json\/wp\/v2\/comments?post=660"}],"wp:featuredmedia":[{"embeddable":true,"href":"https:\/\/www.kadernickynabytok.sk\/en\/wp-json\/wp\/v2\/media\/661"}],"wp:attachment":[{"href":"https:\/\/www.kadernickynabytok.sk\/en\/wp-json\/wp\/v2\/media?parent=660"}],"wp:term":[{"taxonomy":"product_brand","embeddable":true,"href":"https:\/\/www.kadernickynabytok.sk\/en\/wp-json\/wp\/v2\/product_brand?post=660"},{"taxonomy":"product_cat","embeddable":true,"href":"https:\/\/www.kadernickynabytok.sk\/en\/wp-json\/wp\/v2\/product_cat?post=660"},{"taxonomy":"product_tag","embeddable":true,"href":"https:\/\/www.kadernickynabytok.sk\/en\/wp-json\/wp\/v2\/product_tag?post=660"}],"curies":[{"name":"wp","href":"https:\/\/api.w.org\/{rel}","templated":true}]}}