{"id":655,"date":"2025-06-24T14:33:26","date_gmt":"2025-06-24T12:33:26","guid":{"rendered":"https:\/\/www.kadernickynabytok.sk\/?post_type=product&#038;p=655"},"modified":"2025-07-15T10:35:15","modified_gmt":"2025-07-15T08:35:15","slug":"timegate","status":"publish","type":"product","link":"https:\/\/www.kadernickynabytok.sk\/en\/produkt\/timegate\/","title":{"rendered":"TIMEGATE"},"content":{"rendered":"<p>149x17x190 H cm<\/p>\n","protected":false},"excerpt":{"rendered":"<p>Obsluha.<br \/>\n\u010cierny alebo biely r\u00e1m so zabudovan\u00fdmi z\u00e1suvkami. Leskl\u00e1 povrchov\u00e1 \u00faprava<\/p>\n","protected":false},"featured_media":656,"comment_status":"closed","ping_status":"closed","template":"","meta":[],"product_brand":[],"product_cat":[23],"product_tag":[],"class_list":{"0":"post-655","1":"product","2":"type-product","3":"status-publish","4":"has-post-thumbnail","6":"product_cat-stanice","8":"first","9":"instock","10":"sale","11":"taxable","12":"shipping-taxable","13":"purchasable","14":"product-type-simple"},"_links":{"self":[{"href":"https:\/\/www.kadernickynabytok.sk\/en\/wp-json\/wp\/v2\/product\/655","targetHints":{"allow":["GET"]}}],"collection":[{"href":"https:\/\/www.kadernickynabytok.sk\/en\/wp-json\/wp\/v2\/product"}],"about":[{"href":"https:\/\/www.kadernickynabytok.sk\/en\/wp-json\/wp\/v2\/types\/product"}],"replies":[{"embeddable":true,"href":"https:\/\/www.kadernickynabytok.sk\/en\/wp-json\/wp\/v2\/comments?post=655"}],"wp:featuredmedia":[{"embeddable":true,"href":"https:\/\/www.kadernickynabytok.sk\/en\/wp-json\/wp\/v2\/media\/656"}],"wp:attachment":[{"href":"https:\/\/www.kadernickynabytok.sk\/en\/wp-json\/wp\/v2\/media?parent=655"}],"wp:term":[{"taxonomy":"product_brand","embeddable":true,"href":"https:\/\/www.kadernickynabytok.sk\/en\/wp-json\/wp\/v2\/product_brand?post=655"},{"taxonomy":"product_cat","embeddable":true,"href":"https:\/\/www.kadernickynabytok.sk\/en\/wp-json\/wp\/v2\/product_cat?post=655"},{"taxonomy":"product_tag","embeddable":true,"href":"https:\/\/www.kadernickynabytok.sk\/en\/wp-json\/wp\/v2\/product_tag?post=655"}],"curies":[{"name":"wp","href":"https:\/\/api.w.org\/{rel}","templated":true}]}}