{"id":646,"date":"2025-06-23T14:47:21","date_gmt":"2025-06-23T12:47:21","guid":{"rendered":"https:\/\/www.kadernickynabytok.sk\/?post_type=product&#038;p=646"},"modified":"2025-07-15T10:33:56","modified_gmt":"2025-07-15T08:33:56","slug":"celebrity-prime-e","status":"publish","type":"product","link":"https:\/\/www.kadernickynabytok.sk\/en\/produkt\/celebrity-prime-e\/","title":{"rendered":"CELEBRITY PRIME E"},"content":{"rendered":"<p>79&#215;140-166&#215;94 H cm<\/p>\n","protected":false},"excerpt":{"rendered":"<p>Um\u00fdvac\u00ed box, samostatn\u00fd.<br \/>\nS elektricky polohovate\u013enou opierkou n\u00f4h, posuvn\u00fdm a nastavite\u013en\u00fdm um\u00fdvadlom.<\/p>\n<p>Dostupn\u00e9 len v \u010diernej vinylovej farbe<\/p>\n","protected":false},"featured_media":647,"comment_status":"closed","ping_status":"closed","template":"","meta":[],"product_brand":[],"product_cat":[50],"product_tag":[],"class_list":{"0":"post-646","1":"product","2":"type-product","3":"status-publish","4":"has-post-thumbnail","6":"product_cat-umyvacie-boxy","8":"first","9":"instock","10":"sale","11":"taxable","12":"shipping-taxable","13":"purchasable","14":"product-type-simple"},"_links":{"self":[{"href":"https:\/\/www.kadernickynabytok.sk\/en\/wp-json\/wp\/v2\/product\/646","targetHints":{"allow":["GET"]}}],"collection":[{"href":"https:\/\/www.kadernickynabytok.sk\/en\/wp-json\/wp\/v2\/product"}],"about":[{"href":"https:\/\/www.kadernickynabytok.sk\/en\/wp-json\/wp\/v2\/types\/product"}],"replies":[{"embeddable":true,"href":"https:\/\/www.kadernickynabytok.sk\/en\/wp-json\/wp\/v2\/comments?post=646"}],"wp:featuredmedia":[{"embeddable":true,"href":"https:\/\/www.kadernickynabytok.sk\/en\/wp-json\/wp\/v2\/media\/647"}],"wp:attachment":[{"href":"https:\/\/www.kadernickynabytok.sk\/en\/wp-json\/wp\/v2\/media?parent=646"}],"wp:term":[{"taxonomy":"product_brand","embeddable":true,"href":"https:\/\/www.kadernickynabytok.sk\/en\/wp-json\/wp\/v2\/product_brand?post=646"},{"taxonomy":"product_cat","embeddable":true,"href":"https:\/\/www.kadernickynabytok.sk\/en\/wp-json\/wp\/v2\/product_cat?post=646"},{"taxonomy":"product_tag","embeddable":true,"href":"https:\/\/www.kadernickynabytok.sk\/en\/wp-json\/wp\/v2\/product_tag?post=646"}],"curies":[{"name":"wp","href":"https:\/\/api.w.org\/{rel}","templated":true}]}}