{"id":148,"date":"2025-05-27T08:08:24","date_gmt":"2025-05-27T06:08:24","guid":{"rendered":"https:\/\/www.kadernickynabytok.sk\/?post_type=product&#038;p=148"},"modified":"2025-07-14T13:33:31","modified_gmt":"2025-07-14T11:33:31","slug":"cg-mambowash-2p","status":"publish","type":"product","link":"https:\/\/www.kadernickynabytok.sk\/en\/produkt\/cg-mambowash-2p\/","title":{"rendered":"CG MAMBOWASH 2P"},"content":{"rendered":"<p>122&#215;126-151&#215;94 H cm<\/p>\n<p><strong>S elektricky polohovate\u013enou opierkou n\u00f4h<\/strong><\/p>\n<p>4292\u20ac<\/p>\n<p><strong>S mas\u00e1\u017enym syst\u00e9mom Air Shiatsu<\/strong><\/p>\n<p>5816\u20ac<\/p>\n","protected":false},"excerpt":{"rendered":"<p>Um\u00fdvac\u00ed box, dvojit\u00fd s nastavite\u013en\u00fdm um\u00fdvadlom.<br \/>\nPo\u0165ah z tkanej QL eko ko\u017ee.<\/p>\n","protected":false},"featured_media":149,"comment_status":"closed","ping_status":"closed","template":"","meta":[],"product_brand":[],"product_cat":[50],"product_tag":[],"class_list":{"0":"post-148","1":"product","2":"type-product","3":"status-publish","4":"has-post-thumbnail","6":"product_cat-umyvacie-boxy","8":"first","9":"instock","10":"sale","11":"taxable","12":"shipping-taxable","13":"purchasable","14":"product-type-variable"},"_links":{"self":[{"href":"https:\/\/www.kadernickynabytok.sk\/en\/wp-json\/wp\/v2\/product\/148","targetHints":{"allow":["GET"]}}],"collection":[{"href":"https:\/\/www.kadernickynabytok.sk\/en\/wp-json\/wp\/v2\/product"}],"about":[{"href":"https:\/\/www.kadernickynabytok.sk\/en\/wp-json\/wp\/v2\/types\/product"}],"replies":[{"embeddable":true,"href":"https:\/\/www.kadernickynabytok.sk\/en\/wp-json\/wp\/v2\/comments?post=148"}],"wp:featuredmedia":[{"embeddable":true,"href":"https:\/\/www.kadernickynabytok.sk\/en\/wp-json\/wp\/v2\/media\/149"}],"wp:attachment":[{"href":"https:\/\/www.kadernickynabytok.sk\/en\/wp-json\/wp\/v2\/media?parent=148"}],"wp:term":[{"taxonomy":"product_brand","embeddable":true,"href":"https:\/\/www.kadernickynabytok.sk\/en\/wp-json\/wp\/v2\/product_brand?post=148"},{"taxonomy":"product_cat","embeddable":true,"href":"https:\/\/www.kadernickynabytok.sk\/en\/wp-json\/wp\/v2\/product_cat?post=148"},{"taxonomy":"product_tag","embeddable":true,"href":"https:\/\/www.kadernickynabytok.sk\/en\/wp-json\/wp\/v2\/product_tag?post=148"}],"curies":[{"name":"wp","href":"https:\/\/api.w.org\/{rel}","templated":true}]}}