{"id":115,"date":"2025-05-26T14:55:54","date_gmt":"2025-05-26T12:55:54","guid":{"rendered":"https:\/\/www.kadernickynabytok.sk\/?post_type=product&#038;p=115"},"modified":"2025-07-14T13:23:58","modified_gmt":"2025-07-14T11:23:58","slug":"cg-fifties-supergold","status":"publish","type":"product","link":"https:\/\/www.kadernickynabytok.sk\/en\/produkt\/cg-fifties-supergold\/","title":{"rendered":"CG FIFTIES SUPERGOLD"},"content":{"rendered":"","protected":false},"excerpt":{"rendered":"<p>Kadern\u00edcke kreslo s hydraulick\u00fdm zdvihom, podstavec Supergold.<br \/>\nDostupn\u00e9 vo v\u0161etk\u00fdch dostupn\u00fdch vinylov\u00fdch farb\u00e1ch a farb\u00e1ch QL<\/p>\n<p><img loading=\"lazy\" decoding=\"async\" class=\"size-full wp-image-105 alignleft\" src=\"https:\/\/www.kadernickynabytok.sk\/wp-content\/uploads\/2025\/05\/2025-05-26-14_36_30-gamabros-promo-2025-eng.pdf-\u2014-Mozilla-Firefox.jpg\" alt=\"\" width=\"456\" height=\"99\" srcset=\"https:\/\/www.kadernickynabytok.sk\/wp-content\/uploads\/2025\/05\/2025-05-26-14_36_30-gamabros-promo-2025-eng.pdf-\u2014-Mozilla-Firefox.jpg 456w, https:\/\/www.kadernickynabytok.sk\/wp-content\/uploads\/2025\/05\/2025-05-26-14_36_30-gamabros-promo-2025-eng.pdf-\u2014-Mozilla-Firefox-300x65.jpg 300w, https:\/\/www.kadernickynabytok.sk\/wp-content\/uploads\/2025\/05\/2025-05-26-14_36_30-gamabros-promo-2025-eng.pdf-\u2014-Mozilla-Firefox-450x98.jpg 450w\" sizes=\"auto, (max-width: 456px) 100vw, 456px\" \/><\/p>\n","protected":false},"featured_media":116,"comment_status":"closed","ping_status":"closed","template":"","meta":[],"product_brand":[],"product_cat":[22],"product_tag":[],"class_list":{"0":"post-115","1":"product","2":"type-product","3":"status-publish","4":"has-post-thumbnail","6":"product_cat-kadernicke-stolicky","8":"first","9":"instock","10":"sale","11":"taxable","12":"shipping-taxable","13":"purchasable","14":"product-type-variable"},"_links":{"self":[{"href":"https:\/\/www.kadernickynabytok.sk\/en\/wp-json\/wp\/v2\/product\/115","targetHints":{"allow":["GET"]}}],"collection":[{"href":"https:\/\/www.kadernickynabytok.sk\/en\/wp-json\/wp\/v2\/product"}],"about":[{"href":"https:\/\/www.kadernickynabytok.sk\/en\/wp-json\/wp\/v2\/types\/product"}],"replies":[{"embeddable":true,"href":"https:\/\/www.kadernickynabytok.sk\/en\/wp-json\/wp\/v2\/comments?post=115"}],"wp:featuredmedia":[{"embeddable":true,"href":"https:\/\/www.kadernickynabytok.sk\/en\/wp-json\/wp\/v2\/media\/116"}],"wp:attachment":[{"href":"https:\/\/www.kadernickynabytok.sk\/en\/wp-json\/wp\/v2\/media?parent=115"}],"wp:term":[{"taxonomy":"product_brand","embeddable":true,"href":"https:\/\/www.kadernickynabytok.sk\/en\/wp-json\/wp\/v2\/product_brand?post=115"},{"taxonomy":"product_cat","embeddable":true,"href":"https:\/\/www.kadernickynabytok.sk\/en\/wp-json\/wp\/v2\/product_cat?post=115"},{"taxonomy":"product_tag","embeddable":true,"href":"https:\/\/www.kadernickynabytok.sk\/en\/wp-json\/wp\/v2\/product_tag?post=115"}],"curies":[{"name":"wp","href":"https:\/\/api.w.org\/{rel}","templated":true}]}}