{"id":2089,"date":"2025-07-15T14:10:41","date_gmt":"2025-07-15T12:10:41","guid":{"rendered":"https:\/\/www.kadernickynabytok.sk\/obchodne-podmienky\/"},"modified":"2025-07-15T14:18:49","modified_gmt":"2025-07-15T12:18:49","slug":"obchodne-podmienky","status":"publish","type":"page","link":"https:\/\/www.kadernickynabytok.sk\/en\/obchodne-podmienky\/","title":{"rendered":"Terms and Conditions"},"content":{"rendered":"<p><strong>1. V\u0161eobecn\u00e9 ustanovenia<\/strong><\/p>\n<p>Tieto v\u0161eobecn\u00e9 obchodn\u00e9 podmienky upravuj\u00fa pr\u00e1va a povinnosti zmluvn\u00fdch str\u00e1n vypl\u00fdvaj\u00face z k\u00fapnych zml\u00fav uzatvoren\u00fdch medzi pred\u00e1vaj\u00facim a kupuj\u00facim, ktor\u00fdch predmetom je k\u00fapa a predaj v\u00fdrobkov a slu\u017eieb pon\u00fakan\u00fdch na internetovej str\u00e1nke elektronick\u00e9ho obchodu pred\u00e1vaj\u00faceho. Ak kupuj\u00facim je osoba, ktor\u00e1 nakupuje v\u00fdrobky alebo pou\u017e\u00edva slu\u017eby pre osobn\u00fa potrebu alebo pre potrebu pr\u00edslu\u0161n\u00edkov svojej dom\u00e1cnosti, a tie jej nesl\u00fa\u017eia na v\u00fdkon zamestnania alebo podnikania, rozumie sa v zmysle platn\u00fdch predpisov spotrebite\u013e. Pred\u00e1vaj\u00faci je podnikate\u013e, ktor\u00fd pon\u00faka alebo pred\u00e1va v\u00fdrobky, alebo poskytuje slu\u017eby a kon\u00e1 v r\u00e1mci svojej obchodnej alebo inej podnikate\u013eskej \u010dinnosti. Pred\u00e1vaj\u00faci je spolo\u010dnos\u0165 COLOROS S.R.O., JU\u017dN\u00c1 TRIEDA 17, 040 01 Ko\u0161ice, Slovensko, I\u010cO 36710903, DI\u010c 2022286464, I\u010c DPH SK2022286464.   <\/p>\n<p><strong>2. Sp\u00f4sob uzatv\u00e1rania k\u00fapnej zmluvy<\/strong><\/p>\n<p>Zmluva uzavieran\u00e1 na dia\u013eku je zmluva, ktor\u00fa uzaviera pred\u00e1vaj\u00faci a spotrebite\u013e na z\u00e1sielkov\u00fd predaj tovaru alebo na poskytnutie slu\u017eby na dia\u013eku v\u00fdlu\u010dne prostredn\u00edctvom prostriedkov komunik\u00e1cie. K\u00fapna zmluva je uzatv\u00e1ran\u00e1 na z\u00e1klade elektronickej objedn\u00e1vky kupuj\u00faceho. V pr\u00edpade, ak pred\u00e1vaj\u00faci a kupuj\u00faci uzatvoria p\u00edsomn\u00fa k\u00fapnu zmluvu, v ktorej si dohodn\u00fa podmienky odchylne od v\u0161eobecn\u00fdch obchodn\u00fdch podmienok, bud\u00fa ustanovenia k\u00fapnej zmluvy uprednostnen\u00e9 pred obchodn\u00fdmi podmienkami.  <\/p>\n<p><strong>3. Objedn\u00e1vka a jej overenie pred\u00e1vaj\u00facim<\/strong><\/p>\n<p>Objedn\u00e1vka mus\u00ed obsahova\u0165 tieto podstatn\u00e9 n\u00e1le\u017eitosti:<br \/>\n\u2022 ozna\u010denie pred\u00e1vaj\u00faceho \u2013 obchodn\u00fa firmu a s\u00eddlo, I\u010cO pred\u00e1vaj\u00faceho,<br \/>\n\u2022 ozna\u010denie kupuj\u00faceho \u2013 meno a priezvisko, n\u00e1zov, obchodn\u00fa firmu a s\u00eddlo, miesto podnikania alebo bydlisko kupuj\u00faceho; I\u010cO, DI\u010c a I\u010c DPH kupuj\u00faceho, pokia\u013e je registrovan\u00fd ako platca DPH; telef\u00f3n a e-mail,<br \/>\n\u2022 k\u00f3d produktu, ktor\u00fd jednozna\u010dne ur\u010duje predmet objedn\u00e1vky (\u010d\u00edseln\u00e9 ozna\u010denie produktov pod\u013ea druhu, uv\u00e1dzan\u00e9 v cenn\u00edku elektronick\u00e9ho obchodu) a cena produktu,<br \/>\n\u2022 mno\u017estvo po\u017eadovan\u00fdch kusov produktov,<br \/>\n\u2022 vybran\u00fd sp\u00f4sob platby,<br \/>\n\u2022 vybran\u00fd sp\u00f4sob dodaniatovaru a po\u017eadovan\u00fd term\u00edn dodania,<br \/>\n\u2022 adresa pre dodanie tovaru.<br \/>\nNa z\u00e1klade riadne vyplnenej objedn\u00e1vky kupuj\u00faceho prevedie pred\u00e1vaj\u00faci jej overenie. Overen\u00edm objedn\u00e1vky pred\u00e1vaj\u00faci potvrdzuje kupuj\u00facemu druh, predpokladan\u00fa cenu a mno\u017estvo produktov, ktor\u00e9 sa zav\u00e4zuje kupuj\u00facemu doda\u0165. Objedn\u00e1vka je po overen\u00ed pova\u017eovan\u00e1 medzi zmluvn\u00fdm stranami za z\u00e1v\u00e4zn\u00fa. Toto ustanovenie nie je pre pred\u00e1vaj\u00faceho z\u00e1v\u00e4zn\u00e9 v pr\u00edpade, ak v\u00fdrobca prestane dod\u00e1va\u0165 dan\u00fd produkt alebo uvedie na trh nov\u00e9 verzie produktov. Lehota po\u010das ktorej je pred\u00e1vaj\u00faci viazan\u00fd svojou ponukou tovaru prezentovan\u00e9ho na internetovej str\u00e1nke pred\u00e1vaj\u00faceho vr\u00e1tane ceny je 24 hod\u00edn od odoslania ozn\u00e1menia o prijat\u00ed objedn\u00e1vky kupuj\u00facemu.<br \/>\nOdoslan\u00edm objedn\u00e1vky s\u00fahlas\u00edte zo spracovan\u00edm Va\u0161ich \u00fadajov pre port\u00e1l heureka.sk    <\/p>\n<p><strong>4. Platobn\u00e9 podmienky<\/strong><\/p>\n<p>Kupuj\u00faci je povinn\u00fd zaplati\u0165 pred\u00e1vaj\u00facemu k\u00fapnu cenu vr\u00e1tane n\u00e1kladov na doru\u010denie tovaru prostredn\u00edctvom pon\u00faknut\u00fdch sp\u00f4sobov platby v objedn\u00e1vke, napr\u00edklad formou hotovostnej platby, dobierkou v mieste dodania tovaru, dobierkou prostredn\u00edctvom spolo\u010dnosti poskytuj\u00facej po\u0161tov\u00e9 slu\u017eby alebo bezhotovostn\u00fdm prevodom na \u00fa\u010det pred\u00e1vaj\u00faceho. Sp\u00f4sob platby z\u00e1vis\u00ed na dohode kupuj\u00faceho s pred\u00e1vaj\u00facim pri overen\u00ed objedn\u00e1vky. <\/p>\n<p><strong>5. Dodacie podmienky a n\u00e1klady na dodanie tovaru<\/strong><\/p>\n<p>Podmienky pre dodanie tovaru v zmluvne dohodnut\u00fdch lehot\u00e1ch s\u00fa:<br \/>\n\u2022 overenie objedn\u00e1vky,<br \/>\n\u2022 vo\u013en\u00e9 skladov\u00e9 z\u00e1soby objednan\u00e9ho tovaru v mno\u017estve na elektronickej objedn\u00e1vke,<br \/>\n\u2022 pr\u00edpadne prevedenie dohodnut\u00e9ho sp\u00f4sobu platby na \u00fa\u010det pred\u00e1vaj\u00faceho.<br \/>\nObjednan\u00fd tovar je expedovan\u00fd najnesk\u00f4r nasleduj\u00faci pracovn\u00fd de\u0148 po splnen\u00ed vy\u0161\u0161ie uveden\u00fdch podmienok pre dodanie tovaru.<\/p>\n<p>Mo\u017en\u00e9 sp\u00f4soby dodania tovaru na \u00fazem\u00ed Slovenska:<br \/>\n\u2022 Dodanie tovaru na adresu s dobierkou. Tovar je zasielan\u00fd dopravcom na dobierku. Dopravca doru\u010duje z\u00e1sielky v pracovn\u00fdch d\u0148och obvykle do 48 hod\u00edn od exped\u00edcie tovaru.<br \/>\n\u2022 Dodanie tovaru na adresu bez dobierky. Tovar je dodan\u00fd za rovnak\u00fdch podmienok ako s dobierkou s t\u00fdm, \u017ee kupuj\u00faci si dohodne s pred\u00e1vaj\u00facim individu\u00e1lny sp\u00f4sob platby. Kupuj\u00faci je povinn\u00fd prevzia\u0165 tovar od tretej osoby (logistick\u00e9ho partnera pred\u00e1vaj\u00faceho), ktor\u00e1 dod\u00e1 tovar prostredn\u00edctvom dopravcu. Pred\u00e1vaj\u00faci ako dl\u017en\u00edk vyjadruje s\u00fahlas s t\u00fdmto sp\u00f4sobom splnenia z\u00e1v\u00e4zku doda\u0165 objednan\u00fd tovar.<br \/>\n\u2022 In\u00fd sp\u00f4sob pod\u013ea dohody s pred\u00e1vaj\u00facim.<\/p>\n<p>Obmedzenie hmotnosti. V pr\u00edpade, ak hmotnos\u0165 1 z kusov tovaru z objedn\u00e1vky presiahne 50 kg, je mo\u017en\u00fd len osobn\u00fd odber v s\u00eddle pred\u00e1vaj\u00faceho. <\/p>\n<p>Miesto plnenia<\/p>\n<p>Povinnos\u0165 pred\u00e1vaj\u00faceho doda\u0165 objednan\u00fd tovar je splnen\u00fd jeho odovzdan\u00edm kupuj\u00facemu v dohodnutom mieste plnenia alebo okamihom odovzdania na prepravu dopravcovi (prepravnej slu\u017ebe) na miesto ur\u010denia. T\u00fdmto okamihom prech\u00e1dza na kupuj\u00faceho nebezpe\u010denstvo v\u0161etk\u00fdch \u0161k\u00f4d na tovare (n\u00e1hodnej skazy a n\u00e1hodn\u00e9ho zhor\u0161enia). <\/p>\n<p><strong>N\u00e1klady na dodanie tovaru, dopravn\u00e9<\/strong><\/p>\n<p>K cene tovaru pred\u00e1vaj\u00faci m\u00f4\u017ee \u00fa\u010dtova\u0165 dopravn\u00e9 v pr\u00edpade, ak cena n\u00e1kupu nepresiahne stanoven\u00fd rozsah. V\u00fd\u0161ka a limit dopravn\u00e9ho je stanoven\u00e1 v objedn\u00e1vke. Pred\u00e1vaj\u00faci pri osobnom odbere v s\u00eddle dopravn\u00e9 ne\u00fa\u010dtuje.<br \/>\n<strong>Dodacie n\u00e1klady<\/strong><br \/>\nV s\u00falade s \u010dl. 5. obchodn\u00fdch podmienok si pred\u00e1vaj\u00faci \u00fa\u010dtuje k cene objednan\u00e9ho tovaru nasledovn\u00e9 ceny za dodanie:<\/p>\n<p><strong>a. dodanie kuri\u00e9r <\/strong><\/p>\n<p>Po\u0161tovn\u00e9 pre ka\u017ed\u00fa vybaven\u00fa objedn\u00e1vku zaslan\u00fa kuri\u00e9rom je <strong>3,00 \u20ac .<\/strong><\/p>\n<p><strong>b. platba cez PayPal \u2013 dodanie kuri\u00e9r <\/strong><\/p>\n<p>Po\u0161tovn\u00e9 pre ka\u017ed\u00fa vybaven\u00fa objedn\u00e1vku zaplaten\u00fa vopred prevodom na PayPal \u00fa\u010det je <strong>3,00 \u20ac<\/strong><strong> .<\/strong><\/p>\n<p><strong>c. Objedn\u00e1vky nad sumu 100  <\/strong><strong>\u20ac<\/strong> <strong>\u2013 <\/strong><strong>dodanie kuri\u00e9r DPD<\/strong><\/p>\n<p>Po\u0161tovn\u00e9 pre ka\u017ed\u00fa vybaven\u00fa objedn\u00e1vku nad <strong>100<\/strong><strong> <\/strong><strong>\u20ac<\/strong> zaplaten\u00fa dobierkou , vopred prevodom , paypalom pr\u00edpadne online platbou je po\u0161tovn\u00e9 \u00faplne <strong>zadarmo<\/strong> .<\/p>\n<p><strong>Baln\u00e9 ne\u00fa\u010dtujeme.<\/strong> Uveden\u00e9 ceny platia pre Slovensk\u00fa republiku.<\/p>\n<p><strong>6. Spotrebite\u013esk\u00e9 zmluvy a pou\u010denie o pr\u00e1ve na odst\u00fapenie<\/strong><\/p>\n<p>Ak je predaj tovaru (realiz\u00e1cia predmetu plnenia) uskuto\u010dnen\u00fd na z\u00e1klade zmluvy na dia\u013eku t.j. z\u00e1sielkov\u00fd predaj tovaru alebo poskytnutie slu\u017eby na dia\u013eku uzavieranej v\u00fdlu\u010dne prostredn\u00edctvom prostriedkov komunik\u00e1cie (menovite internetov\u00fd elektronick\u00fd obchod), je spotrebite\u013e opr\u00e1vnen\u00fd bez uvedenia d\u00f4vodu odst\u00fapi\u0165 od takejto zmluvy na dia\u013eku do 7 pracovn\u00fdch dn\u00ed odo d\u0148a prevzatia tovaru alebo od uzavretia zmluvy o poskytnut\u00ed slu\u017eby v s\u00falade s ustanoven\u00edm \u00a7 12 ods. 1 z\u00e1kona \u010d. 108\/2000 o ochrane spotrebite\u013ea pri podomovom predaji a z\u00e1sielkovom predaji v znen\u00ed neskor\u0161\u00edch predpisov (\u010falej \u201ez\u00e1kon o ochrane spotrebite\u013ea pri z\u00e1sielkovom predaji\u201c).  <\/p>\n<p>Ak sa pred\u00e1vaj\u00faci a spotrebite\u013e nedohodn\u00fa inak, spotrebite\u013e nem\u00f4\u017ee odst\u00fapi\u0165 od zmluvy, ktorej predmetom je poskytnutie slu\u017eby, ak sa slu\u017eba za\u010dala plni\u0165 so s\u00fahlasom spotrebite\u013ea pred uplynut\u00edm uveden\u00fdch leh\u00f4t na odst\u00fapenie od zmluvy, predaj tovaru alebo poskytnutie slu\u017eby, ktor\u00fdch cena z\u00e1vis\u00ed od pohybu cien na finan\u010dnom trhu, ktor\u00e9 pred\u00e1vaj\u00faci nem\u00f4\u017ee ovplyvni\u0165, predaj tovaru zhotoven\u00e9ho pod\u013ea osobitn\u00fdch po\u017eiadaviek spotrebite\u013ea alebo tovaru ur\u010den\u00e9ho osobitne pre jedn\u00e9ho spotrebite\u013ea, alebo tovaru, ktor\u00fd vzh\u013eadom na jeho vlastnosti nemo\u017eno vr\u00e1ti\u0165, predaj audiovizu\u00e1lneho diela, zvukov\u00e9ho z\u00e1znamu alebo zvukovo-obrazov\u00e9ho z\u00e1znamu umeleck\u00e9ho v\u00fdkonu alebo multimedi\u00e1lneho diela, ktor\u00e9 spotrebite\u013e rozbalil (menovite zmluvy na dod\u00e1vku po\u010d\u00edta\u010dov\u00fdch programov) a \u010fal\u0161ie zmluvy vymenovan\u00e9 z\u00e1konom.<\/p>\n<p>Ozn\u00e1menie spotrebite\u013ea o odst\u00fapen\u00ed od zmluvy uzavieranej na dia\u013eku mus\u00ed by\u0165 pred\u00e1vaj\u00facemu doru\u010den\u00e9 do skon\u010denia lehoty pre odst\u00fapenie a pred\u00e1vaj\u00facemu mus\u00ed by\u0165 riadne vr\u00e1ten\u00fd kompletn\u00fd tovar (plnenie) v p\u00f4vodnom stave so v\u0161etk\u00fdmi dokladmi a dokument\u00e1ciou, ktor\u00e9 boli spotrebite\u013eovi dodan\u00e9. Spotrebite\u013e vr\u00e1ti tovar na adresu dod\u00e1vate\u013ea. Odst\u00fapen\u00edm spotrebite\u013ea od zmluvy sa zmluva od za\u010diatku zru\u0161uje a povinnos\u0165ou str\u00e1n je vr\u00e1ti\u0165 si v\u0161etko, \u010do pod\u013ea zmluvy dostali. Pred\u00e1vaj\u00faci je povinn\u00fd prevzia\u0165 tovar sp\u00e4\u0165 a vr\u00e1ti\u0165 v lehote 15 dn\u00ed odo d\u0148a odst\u00fapenia spotrebite\u013eovi cenu zaplaten\u00fa za tovar alebo slu\u017ebu vr\u00e1tane n\u00e1kladov, ktor\u00e9 spotrebite\u013e vynalo\u017eil v s\u00favislosti s objednan\u00edm tovaru. Ak tovar plne zodpovedal kvalitat\u00edvnym po\u017eiadavk\u00e1m a nebol vadn\u00fd zn\u00e1\u0161a n\u00e1klady na vr\u00e1tenie tovaru spotrebite\u013e.    <\/p>\n<p>Spotrebite\u013e odoslan\u00edm objedn\u00e1vky pred\u00e1vaj\u00facemu potvrdzuje, \u017ee sa s\u00fa\u010dasne s ponukou tovaru alebo slu\u017eby prostredn\u00edctvom internetov\u00fdch str\u00e1nok elektronick\u00e9ho obchodu alebo v s\u00eddle pred\u00e1vaj\u00faceho riadne obozn\u00e1mil s povinnos\u0165ami pred\u00e1vaj\u00faceho a potvrdzuje, \u017ee pred\u00e1vaj\u00faci v\u010das a riadne splnil svoje informa\u010dn\u00e9 povinnosti pod\u013ea \u00a7 10 z\u00e1kona o ochrane spotrebite\u013ea pri z\u00e1sielkovom predaji.<\/p>\n<p><strong>7. Storno poplatky pri odst\u00fapen\u00ed od zmluvy<\/strong><\/p>\n<p>Pred\u00e1vaj\u00faci s kupuj\u00facim sa dohodli na nasleduj\u00facich storno poplatkoch s\u00favisiacich s vr\u00e1ten\u00edm tovaru pred\u00e1vaj\u00facemu z d\u00f4vodov na strane kupuj\u00faceho:<\/p>\n<p>Kupuj\u00faci sa zav\u00e4zuje zaplati\u0165 pred\u00e1vaj\u00facemu storno poplatok vo v\u00fd\u0161ke 30% ceny tovaru s DPH v pr\u00edpade neprevzatia, zru\u0161enia alebo vyexpedovania tovaru kupuj\u00facemu, ak kupuj\u00faci tovar neprevezme od dopravcu pod\u013ea podmienok uveden\u00fdch v sp\u00f4sobe dodania, pokia\u013e sa obe strany nedohodn\u00fa inak.<\/p>\n<p>Kupuj\u00faci sa zav\u00e4zuje zaplati\u0165 pred\u00e1vaj\u00facemu storno poplatok vo v\u00fd\u0161ke 20% k\u00fapnej ceny objednan\u00e9ho tovaru bez DPH v pr\u00edpade vyexpedovania tovaru kupuj\u00facemu, ak kupuj\u00faci tovar prevzal a odst\u00fapi od k\u00fapnej zmluvy z d\u00f4vodu uplatnenia n\u00e1roku na odst\u00fapenie od zmluvy v s\u00favislosti so spotrebite\u013eskou zmluvou pod\u013ea ust. \u00a7 52 Ob\u010dianskeho z\u00e1konn\u00edka, resp. z\u00e1kona o ochrane spotrebite\u013ea pri z\u00e1sielkovom predaji, uzatvorenou pri pou\u017eit\u00ed prostriedkov komunik\u00e1cie na dia\u013eku, v pr\u00edpade, ak sa jedn\u00e1 o spotrebite\u013esk\u00fa zmluvu a s\u00fa splnen\u00e9 podmienky pre odst\u00fapenie od zmluvy a tovar nemo\u017eno preda\u0165 ako nov\u00fd (najm\u00e4 tovar je pou\u017eit\u00fd, po\u0161koden\u00fd, alebo ne\u00fapln\u00fd).  <\/p>\n<p>Kupuj\u00faci sa zav\u00e4zuje zaplati\u0165 pred\u00e1vaj\u00facemu storno poplatok vo v\u00fd\u0161ke 30% ceny tovaru s DPH v pr\u00edpade neprevzatia, zru\u0161enia alebo vyexpedovania tovaru kupuj\u00facemu, ak kupuj\u00faci tovar prevezme a odst\u00fapi od k\u00fapnej zmluvy z d\u00f4vodu uplatnenia n\u00e1roku na odst\u00fapenie od zmluvy v s\u00favislosti so spotrebite\u013eskou zmluvou pod\u013ea ust. \u00a7 52 Ob\u010dianskeho z\u00e1konn\u00edka, resp. z\u00e1kona o ochrane spotrebite\u013ea pri z\u00e1sielkovom predaji, uzatvorenou pri pou\u017eit\u00ed prostriedkov komunik\u00e1cie na dia\u013eku, v pr\u00edpade, ak sa jedn\u00e1 o spotrebite\u013esk\u00fa zmluvu a s\u00fa splnen\u00e9 podmienky pre odst\u00fapenie od zmluvy a kupuj\u00faci vr\u00e1ti tovar v neporu\u0161enom obale a tovar mo\u017eno preda\u0165 ako nov\u00fd, pokia\u013e sa obe strany nedohodn\u00fa inak.  <\/p>\n<p><strong>8. Ochrana osobn\u00fdch \u00fadajov<\/strong><\/p>\n<p>Kupuj\u00faci uv\u00e1dza pri registr\u00e1cii tieto \u00fadaje: meno a priezvisko\/obchodn\u00e9 meno, adresu trval\u00e9ho bydliska\/s\u00eddlo, PS\u010c, I\u010cO, DI\u010c\/I\u010c DPH, adresu elektronickej po\u0161ty, \u010d\u00edslo telef\u00f3nu. \u00dadaje s\u00fa nevyhnutn\u00e9 pre identifik\u00e1ciu kupuj\u00faceho a pr\u00edpadn\u00fa komunik\u00e1ciu. <\/p>\n<p>Tieto \u00fadaje umo\u017e\u0148uj\u00fa previes\u0165 nevyhnutn\u00e9 \u00fa\u010dtovn\u00e9 oper\u00e1cie, vyhotovi\u0165 da\u0148ov\u00fd doklad (fakt\u00faru) po\u017eadovan\u00fd zmluvn\u00fdmi stranami, pr\u00edpadne sl\u00fa\u017eia pre \u00fa\u010dely identifik\u00e1cie platby kupuj\u00faceho vykonanou bankov\u00fdm prevodom.<\/p>\n<p>Pred\u00e1vaj\u00faci sa zav\u00e4zuje, \u017ee bude s osobn\u00fdmi \u00fadajmi kupuj\u00faceho zaobch\u00e1dza\u0165 a naklada\u0165 v s\u00falade s platn\u00fdmi pr\u00e1vnymi predpismi, zhroma\u017e\u010fuje ich len za vy\u0161\u0161ie uveden\u00fdm \u00fa\u010delom a na skvalitnenie svojich slu\u017eieb. Kupuj\u00faci ako dotknut\u00e1 osoba odoslan\u00edm objedn\u00e1vky vyhlasuje, \u017ee s\u00fahlas\u00ed v s\u00falade s ust. \u00a7 7 z\u00e1kona \u010d. 428\/2002 Z. z. o ochrane osobn\u00fdch \u00fadajov v znen\u00ed neskor\u0161\u00edch predpisov, aby pred\u00e1vaj\u00faci a n\u00edm opr\u00e1vnen\u00e9 osoby sprac\u00favali a uchov\u00e1vali jeho osobn\u00e9 \u00fadaje uveden\u00e9 v registr\u00e1cii a vo v\u0161etk\u00fdch dokumentoch (informa\u010dn\u00fdch syst\u00e9moch) s\u00favisiacich s vy\u0161\u0161ie uveden\u00fdm predmetom\/konan\u00edm. Tento s\u00fahlas plat\u00ed po\u010das trvania zmluvy ako aj n\u00e1slednej archiv\u00e1cie predlo\u017een\u00fdch osobn\u00fdch materi\u00e1lov a dokumentov. Kupuj\u00faci z\u00e1rove\u0148 berie na vedomie, \u017ee sprac\u00favan\u00e9 \u00fadaje bud\u00fa archivovan\u00e9 a likvidovan\u00e9 v s\u00falade s platn\u00fdmi predpismi SR a s platn\u00fdmi predpismi ES\/E\u00da a \u017ee kupuj\u00faci m\u00e1 pr\u00e1vo p\u00edsomne svoj s\u00fahlas odvola\u0165. Kupuj\u00faci pou\u017e\u00edvan\u00edm internetov\u00e9ho obchodu s\u00fahlas\u00ed tie\u017e s t\u00fdm, aby pred\u00e1vaj\u00faci sprac\u00faval poskytnut\u00e9 osobn\u00e9 \u00fadaje v rozsahu z\u00e1kona, i s t\u00fdm, aby poskytol osobn\u00e9 \u00fadaje na \u010fal\u0161ie sprac\u00favanie pre org\u00e1ny \u0161t\u00e1tnej spr\u00e1vy, \u00fazemnej samospr\u00e1vy, pre in\u00fd org\u00e1n verejnej moci alebo inej osobe, pr\u00edpadne in\u00e9mu subjektu, ktor\u00fd \u00fadaje nevyhnutne potrebuje ku svojej \u010dinnosti na z\u00e1klade z\u00e1kona, na z\u00e1klade poverenia alebo na z\u00e1klade zmluvy, aj pre pr\u00edpad cezhrani\u010dn\u00e9ho prenosu \u00fadajov i do tret\u00edch kraj\u00edn.       <\/p>\n<p><strong>9. Z\u00e1vere\u010dn\u00e9 ustanovenia<\/strong><\/p>\n<p>Kupuj\u00faci berie na vedomie a s\u00fahlas\u00ed, \u017ee pr\u00e1va a povinnosti medzi pred\u00e1vaj\u00facim a kupuj\u00facim sa okrem t\u00fdchto v\u0161eobecn\u00fdch obchodn\u00fdch podmienok riadia aj obchodn\u00fdmi podmienkami pred\u00e1vaj\u00faceho, postupmi pri uplatnen\u00ed n\u00e1roku z v\u00e1d tovaru a z\u00e1ruk\u00e1ch a reklama\u010dn\u00fdm poriadkom pred\u00e1vaj\u00faceho, ktor\u00e9 s\u00fa k dispoz\u00edcii v s\u00eddle pred\u00e1vaj\u00faceho alebo zverejnen\u00e9 na internetov\u00fdch str\u00e1nkach pred\u00e1vaj\u00faceho.<\/p>\n<p>V\u0161etky pr\u00e1vne vz\u0165ahy vznikaj\u00face medzi zmluvn\u00fdmi stranami sa riadia pr\u00e1vnymi predpismi SR. Na pr\u00e1vne vz\u0165ahy medzi pred\u00e1vaj\u00facim a spotrebite\u013eom pri z\u00e1sielkovom predaji sa vz\u0165ahuje Ob\u010diansky z\u00e1konn\u00edk a osobitn\u00e9 predpisy. Ak niektor\u00e9 ot\u00e1zky nemo\u017eno rie\u0161i\u0165 pod\u013ea ustanoven\u00ed uveden\u00fdch v obchodn\u00fdch podmienkach pred\u00e1vaj\u00faceho rie\u0161ia pr\u00edslu\u0161n\u00fdmi ustanoveniami Ob\u010dianskeho alebo Obchodn\u00e9ho z\u00e1konn\u00edka.  <\/p>\n<p>Kupuj\u00faci odoslan\u00edm objedn\u00e1vky potvrdzuje, \u017ee si tieto v\u0161eobecn\u00e9 obchodn\u00e9 podmienky, pr\u00edpadne obchodn\u00e9 podmienky pred\u00e1vaj\u00faceho a reklama\u010dn\u00fd poriadok pred\u00e1vaj\u00faceho pre\u010d\u00edtal, obozn\u00e1mil sa s ich obsahom a v celom rozsahu s nimi s\u00fahlas\u00ed.<\/p>\n","protected":false},"excerpt":{"rendered":"<p>1. V\u0161eobecn\u00e9 ustanovenia Tieto v\u0161eobecn\u00e9 obchodn\u00e9 podmienky upravuj\u00fa pr\u00e1va a povinnosti zmluvn\u00fdch str\u00e1n vypl\u00fdvaj\u00face z k\u00fapnych zml\u00fav uzatvoren\u00fdch medzi pred\u00e1vaj\u00facim a kupuj\u00facim, ktor\u00fdch predmetom je k\u00fapa a predaj v\u00fdrobkov a slu\u017eieb pon\u00fakan\u00fdch na internetovej str\u00e1nke elektronick\u00e9ho obchodu pred\u00e1vaj\u00faceho. Ak kupuj\u00facim je osoba, ktor\u00e1 nakupuje v\u00fdrobky alebo pou\u017e\u00edva slu\u017eby pre osobn\u00fa potrebu alebo pre potrebu pr\u00edslu\u0161n\u00edkov [&hellip;]<\/p>\n","protected":false},"author":1,"featured_media":0,"parent":0,"menu_order":0,"comment_status":"closed","ping_status":"closed","template":"","meta":{"footnotes":""},"class_list":["post-2089","page","type-page","status-publish","hentry"],"_links":{"self":[{"href":"https:\/\/www.kadernickynabytok.sk\/en\/wp-json\/wp\/v2\/pages\/2089","targetHints":{"allow":["GET"]}}],"collection":[{"href":"https:\/\/www.kadernickynabytok.sk\/en\/wp-json\/wp\/v2\/pages"}],"about":[{"href":"https:\/\/www.kadernickynabytok.sk\/en\/wp-json\/wp\/v2\/types\/page"}],"author":[{"embeddable":true,"href":"https:\/\/www.kadernickynabytok.sk\/en\/wp-json\/wp\/v2\/users\/1"}],"replies":[{"embeddable":true,"href":"https:\/\/www.kadernickynabytok.sk\/en\/wp-json\/wp\/v2\/comments?post=2089"}],"version-history":[{"count":1,"href":"https:\/\/www.kadernickynabytok.sk\/en\/wp-json\/wp\/v2\/pages\/2089\/revisions"}],"predecessor-version":[{"id":2099,"href":"https:\/\/www.kadernickynabytok.sk\/en\/wp-json\/wp\/v2\/pages\/2089\/revisions\/2099"}],"wp:attachment":[{"href":"https:\/\/www.kadernickynabytok.sk\/en\/wp-json\/wp\/v2\/media?parent=2089"}],"curies":[{"name":"wp","href":"https:\/\/api.w.org\/{rel}","templated":true}]}}